{"id":4593,"date":"2022-03-13T21:35:19","date_gmt":"2022-03-13T21:35:19","guid":{"rendered":"https:\/\/carlosbuenophotography.com\/?page_id=4593"},"modified":"2023-11-12T21:23:34","modified_gmt":"2023-11-12T21:23:34","slug":"servicios-inmobiliaria","status":"publish","type":"page","link":"https:\/\/carlosbuenophotography.com\/es\/servicios-inmobiliaria\/","title":{"rendered":"SERVICIOS INMOBILIARIA"},"content":{"rendered":"<section class=\"wpb-content-wrapper\"><p>[vc_row full_width=&#8221;stretch_row_content_no_spaces&#8221;][vc_column]<div class=\"banner-area banner-area-5d67b8336e1a7 banner-color-inherit\" data-settings=\"{&quot;loop&quot;:true,&quot;speed&quot;:500,&quot;autoplay&quot;:{&quot;delay&quot;:5000,&quot;disableOnInteraction&quot;:false,&quot;pauseOnMouseEnter&quot;:true},&quot;arrows&quot;:true,&quot;dots&quot;:true,&quot;dots_position&quot;:&quot;right&quot;,&quot;animation&quot;:&quot;&quot;}\"><div class=\"banner banner-5d67b8336e1a7  fixed-height arrows-right-bottom pagination-right\" style=\"height:450px; --transition-speed: 2500ms;\"><div class=\"swiper-container\"><div class=\"swiper-wrapper\"><div class=\"item swiper-slide banner-item-59ba272d85e67 tar with-shadow white\">\n      <div class=\"bg-image\" style=\"background-image: url(https:\/\/carlosbuenophotography.com\/wp-content\/uploads\/2023\/02\/BlueRossignol_019.jpg)\"><\/div>\n      \n      \n      <div class=\"container\">\n        <div class=\"cell bottom\">\n          <div class=\"heading\">\n        <div class=\"sub-h\">Vende R\u00e1pido, Gana M\u00e1s<\/div>\n        <h1 class=\"h\">NUEVOS TIEMPOS,<br \/>\nNUEVOS ESPACIOS<\/h1>\n      <\/div>\n          <div class=\"text\">FOTOGRAF\u00cdA HDR, HOME STAGING, CREACI\u00d3N DE CONTENIDOS Y VID\u00c9O \/ CON SEDE EN BURDEOS<\/div>\n          <a href=\"https:\/\/carlosbuenophotography.com\/portfolio-realestate\/\" class=\"button-style1\"><span>VER M\u00c1S<\/span><\/a>\n          \n        <\/div>\n      <\/div>\n    <\/div><\/div><\/div><div class=\"owl-nav\"><div class=\"owl-prev basic-ui-icon-left-arrow\"><\/div><div class=\"owl-next basic-ui-icon-right-arrow\"><\/div><\/div><div class=\"owl-dots\"><\/div><\/div><\/div>[\/vc_column][\/vc_row][vc_row][vc_column css_animation=&#8221;fadeIn&#8221; css=&#8221;.vc_custom_1506084186532{padding-top: 40px !important;}&#8221;]      <div class=\"heading-block heading-5d67b8954c447 tac h-h2 with-line\">\n                  <h2 class=\"h\">Caracter\u00edsticas<\/h2>\n              <\/div>\n    [vc_row_inner equal_height=&#8221;yes&#8221;][vc_column_inner width=&#8221;1\/3&#8243; css=&#8221;.vc_custom_1505483962485{margin-bottom: 35px !important;}&#8221;][vc_icon icon_fontawesome=&#8221;web-application-icon-sport-trophy&#8221; color=&#8221;custom&#8221; background_style=&#8221;rounded-outline&#8221; background_color=&#8221;custom&#8221; size=&#8221;xl&#8221; align=&#8221;center&#8221; custom_background_color=&#8221;#c48f56&#8243;][vc_column_text]<\/p>\n<h6 style=\"text-align: center;\">EXPERTO EN REAL ESTATE<\/h6>\n<p style=\"text-align: center;\">\u00a0Mostraremos su propiedad con la mejor iluminaci\u00f3n, dando a los compradores o inquilinos potenciales la posibilidad de proyectarse en la propiedad. \u00a1Te sorprender\u00e1 la diferencia que hace!<\/p>\n<p>[\/vc_column_text][\/vc_column_inner][vc_column_inner width=&#8221;1\/3&#8243; css=&#8221;.vc_custom_1505483984191{margin-bottom: 35px !important;}&#8221;][vc_icon icon_fontawesome=&#8221;web-application-icon-home-button&#8221; color=&#8221;custom&#8221; background_style=&#8221;rounded-outline&#8221; background_color=&#8221;custom&#8221; size=&#8221;xl&#8221; align=&#8221;center&#8221; custom_background_color=&#8221;#c48f56&#8243;][vc_column_text]<\/p>\n<h6 style=\"text-align: center;\"><span style=\"text-transform: uppercase;\">HOME STAGING<\/span><\/h6>\n<p style=\"text-align: center;\">Mejore la est\u00e9tica de la propiedad con una puesta en escena elegante, aportando una sensaci\u00f3n de calidez y comodidad a los espacios.<\/p>\n<p>[\/vc_column_text][\/vc_column_inner][vc_column_inner width=&#8221;1\/3&#8243; css=&#8221;.vc_custom_1505483969540{margin-bottom: 35px !important;}&#8221;][vc_icon icon_fontawesome=&#8221;web-application-icon-speech-bubbles&#8221; color=&#8221;custom&#8221; background_style=&#8221;rounded-outline&#8221; background_color=&#8221;custom&#8221; size=&#8221;xl&#8221; align=&#8221;center&#8221; custom_background_color=&#8221;#c48f56&#8243;][vc_column_text]<\/p>\n<h6 style=\"text-align: center;\"><span style=\"text-transform: uppercase;\">ENFOQUE PERSONALIZADO<\/span><\/h6>\n<p style=\"text-align: center;\">Cada propiedad es \u00fanica. Si necesitas un estilo o \u00e1ngulo espec\u00edfico, h\u00e1zmelo saber para crear una historia que potencie tus necesidades y supere tus expectativas.<\/p>\n<p>[\/vc_column_text][\/vc_column_inner][vc_column_inner width=&#8221;1\/3&#8243; css=&#8221;.vc_custom_1505483974400{margin-bottom: 35px !important;}&#8221;][vc_icon icon_fontawesome=&#8221;photo-icon-camera-top-view&#8221; color=&#8221;custom&#8221; background_style=&#8221;rounded-outline&#8221; background_color=&#8221;custom&#8221; size=&#8221;xl&#8221; align=&#8221;center&#8221; custom_background_color=&#8221;#c48f56&#8243;][vc_column_text]<\/p>\n<h6 style=\"text-align: center;\"><span style=\"text-transform: uppercase;\">EQUIPAMIENTO DE ALTA GAMA<\/span><\/h6>\n<p style=\"text-align: center;\">Capturando cada detalle y haci\u00e9ndolo lucir lo mejor posible, tanto para venta como alquiler.<\/p>\n<p>[\/vc_column_text][\/vc_column_inner][vc_column_inner width=&#8221;1\/3&#8243; css=&#8221;.vc_custom_1505483979333{margin-bottom: 35px !important;}&#8221;][vc_icon icon_fontawesome=&#8221;web-application-icon-calendar-with-six-days&#8221; color=&#8221;custom&#8221; background_style=&#8221;rounded-outline&#8221; background_color=&#8221;custom&#8221; size=&#8221;xl&#8221; align=&#8221;center&#8221; custom_background_color=&#8221;#c48f56&#8243;][vc_column_text]<\/p>\n<h6 style=\"text-align: center;\"><span style=\"text-transform: uppercase;\">HORARIOS FLEXIBLES<\/span><\/h6>\n<p style=\"text-align: center;\">Conveniente para su estilo de vida ocupado. Me ocupo de todo el trabajo llave en mano.<\/p>\n<p>[\/vc_column_text][\/vc_column_inner][vc_column_inner width=&#8221;1\/3&#8243; css=&#8221;.vc_custom_1505483989290{margin-bottom: 35px !important;}&#8221;][vc_icon icon_fontawesome=&#8221;photo-icon-timer&#8221; color=&#8221;custom&#8221; background_style=&#8221;rounded-outline&#8221; background_color=&#8221;custom&#8221; size=&#8221;xl&#8221; align=&#8221;center&#8221; custom_background_color=&#8221;#c48f56&#8243;][vc_column_text]<\/p>\n<h6 style=\"text-align: center;\"><span style=\"text-transform: uppercase;\">ENTREGA R\u00c1PIDA<\/span><\/h6>\n<p style=\"text-align: center;\">Obtenga sus im\u00e1genes en 24 Horas, cuando m\u00e1s las necesita<\/p>\n<p>[\/vc_column_text][\/vc_column_inner][\/vc_row_inner][\/vc_column][\/vc_row][vc_row full_width=&#8221;stretch_row_content_no_spaces&#8221;][vc_column css_animation=&#8221;fadeIn&#8221; css=&#8221;.vc_custom_1506084268413{margin-bottom: 30px !important;}&#8221;]<div class=\"price-list-type2 row price-list-type2-59c284b183e9e\"><div class=\"item price-list-type2-item-59c28461bdf64\">\r\n        <h6 class=\"h\">Shooting<\/h6>\r\n        <div class=\"price\">Immo<\/div>\r\n        <div class=\"img\" style=\"background-image: url(https:\/\/carlosbuenophotography.com\/wp-content\/uploads\/2023\/05\/CarlosBuenoWebRealEstate.jpg)\"><\/div>\r\n        <div class=\"options\">\r\n            \r\n            <div class=\"o-row\">Desde 12 Fotos<br \/><\/div><div class=\"o-row\">HDR<br \/><\/div><div class=\"o-row\">Los Mejores \u00c1ngulos<br \/><\/div><div class=\"o-row\">Entrega en 24H<\/div>\r\n        <\/div>\r\n        <a href=\"https:\/\/carlosbuenophotography.com\/es\/contacto\/\" class=\"button-style1\">Pedir Presupuesto<\/a>\r\n    <\/div><div class=\"item price-list-type2-item-59c28461bdf64\">\r\n        <h6 class=\"h\">Shooting<\/h6>\r\n        <div class=\"price\">Luxury<\/div>\r\n        <div class=\"img\" style=\"background-image: url(https:\/\/carlosbuenophotography.com\/wp-content\/uploads\/2023\/09\/ChateauPapeClement10.jpg)\"><\/div>\r\n        <div class=\"options\">\r\n            \r\n            <div class=\"o-row\">Desde 24 Fotos<br \/><\/div><div class=\"o-row\">HDR<br \/><\/div><div class=\"o-row\">\u00c9nfasis en los detalles de lujo<br \/><\/div><div class=\"o-row\">Entrega en 24H<\/div>\r\n        <\/div>\r\n        <a href=\"https:\/\/carlosbuenophotography.com\/es\/contacto\/\" class=\"button-style1\">Pedir Presupuesto<\/a>\r\n    <\/div><div class=\"item price-list-type2-item-59c28461bdf64\">\r\n        <h6 class=\"h\">Shooting<\/h6>\r\n        <div class=\"price\">Hotel<\/div>\r\n        <div class=\"img\" style=\"background-image: url(https:\/\/carlosbuenophotography.com\/wp-content\/uploads\/2023\/05\/CarlosBuenoWebRealEstate-40.jpg)\"><\/div>\r\n        <div class=\"options\">\r\n            \r\n            <div class=\"o-row\">Desde 30 Photos<br \/><\/div><div class=\"o-row\">HDR<br \/><\/div><div class=\"o-row\">\u00c9nfasis en los detalles de comodidad<br \/><\/div><div class=\"o-row\">Entrega en 24H<\/div>\r\n        <\/div>\r\n        <a href=\"#\" class=\"button-style1\">Request a Quote<\/a>\r\n    <\/div><div class=\"item price-list-type2-item-59c28461bdf64\">\r\n        <h6 class=\"h\">Shooting<\/h6>\r\n        <div class=\"price\">Video<\/div>\r\n        <div class=\"img\" style=\"background-image: url(https:\/\/carlosbuenophotography.com\/wp-content\/uploads\/2023\/05\/CarlosBuenoWebRealEstate-5.jpg)\"><\/div>\r\n        <div class=\"options\">\r\n            \r\n            <div class=\"o-row\">Edici\u00f3n<br \/><\/div><div class=\"o-row\">Estabilizaci\u00f3n Gimbal<br \/><\/div><div class=\"o-row\">Etalonaje Digital<br \/><\/div><div class=\"o-row\">M\u00fasica de libre uso<\/div>\r\n        <\/div>\r\n        <a href=\"https:\/\/carlosbuenophotography.com\/es\/contacto\/\" class=\"button-style1\">Pedir Presupuesto<\/a>\r\n    <\/div><\/div>[\/vc_column][\/vc_row]<\/p>\n<\/section>","protected":false},"excerpt":{"rendered":"<p>[vc_row full_width=&#8221;stretch_row_content_no_spaces&#8221;][vc_column][\/vc_column][\/vc_row][vc_row][vc_column css_animation=&#8221;fadeIn&#8221; css=&#8221;.vc_custom_1506084186532{padding-top: 40px !important;}&#8221;][vc_row_inner equal_height=&#8221;yes&#8221;][vc_column_inner width=&#8221;1\/3&#8243; css=&#8221;.vc_custom_1505483962485{margin-bottom: 35px !important;}&#8221;][vc_icon icon_fontawesome=&#8221;web-application-icon-sport-trophy&#8221; color=&#8221;custom&#8221; background_style=&#8221;rounded-outline&#8221; background_color=&#8221;custom&#8221; size=&#8221;xl&#8221; align=&#8221;center&#8221; custom_background_color=&#8221;#c48f56&#8243;][vc_column_text] EXPERTO EN REAL ESTATE \u00a0Mostraremos su propiedad con la mejor iluminaci\u00f3n, dando a los compradores o inquilinos potenciales la posibilidad de proyectarse en la propiedad. \u00a1Te sorprender\u00e1 la diferencia que hace! [\/vc_column_text][\/vc_column_inner][vc_column_inner width=&#8221;1\/3&#8243; css=&#8221;.vc_custom_1505483984191{margin-bottom: 35px !important;}&#8221;][vc_icon icon_fontawesome=&#8221;web-application-icon-home-button&#8221; [&hellip;]<\/p>\n","protected":false},"author":2,"featured_media":0,"parent":0,"menu_order":0,"comment_status":"closed","ping_status":"closed","template":"template-landing.php","meta":[],"acf":[],"_links":{"self":[{"href":"https:\/\/carlosbuenophotography.com\/es\/wp-json\/wp\/v2\/pages\/4593"}],"collection":[{"href":"https:\/\/carlosbuenophotography.com\/es\/wp-json\/wp\/v2\/pages"}],"about":[{"href":"https:\/\/carlosbuenophotography.com\/es\/wp-json\/wp\/v2\/types\/page"}],"author":[{"embeddable":true,"href":"https:\/\/carlosbuenophotography.com\/es\/wp-json\/wp\/v2\/users\/2"}],"replies":[{"embeddable":true,"href":"https:\/\/carlosbuenophotography.com\/es\/wp-json\/wp\/v2\/comments?post=4593"}],"version-history":[{"count":8,"href":"https:\/\/carlosbuenophotography.com\/es\/wp-json\/wp\/v2\/pages\/4593\/revisions"}],"predecessor-version":[{"id":5343,"href":"https:\/\/carlosbuenophotography.com\/es\/wp-json\/wp\/v2\/pages\/4593\/revisions\/5343"}],"wp:attachment":[{"href":"https:\/\/carlosbuenophotography.com\/es\/wp-json\/wp\/v2\/media?parent=4593"}],"curies":[{"name":"wp","href":"https:\/\/api.w.org\/{rel}","templated":true}]}}