{"id":4525,"date":"2023-09-03T19:18:09","date_gmt":"2023-09-03T19:18:09","guid":{"rendered":"https:\/\/carlosbuenophotography.com\/?page_id=4525"},"modified":"2023-09-30T11:32:52","modified_gmt":"2023-09-30T11:32:52","slug":"faq","status":"publish","type":"page","link":"https:\/\/carlosbuenophotography.com\/es\/faq\/","title":{"rendered":"FAQ"},"content":{"rendered":"<section class=\"wpb-content-wrapper\"><p>[vc_row][vc_column][vc_custom_heading text=&#8221;FAQ&#8221; use_theme_fonts=&#8221;yes&#8221; decor_line=&#8221;on&#8221;]      <div class=\"heading-block heading-64f4dcb6fac07 tal h-h6 with-line\">\n                  <h6 class=\"h\">Nunca he realizado una sesi\u00f3n de fotos \u00bfC\u00f3mo es tu forma de trabajar?<\/h6>\n              <\/div>\n    [vc_column_text]Mi trabajo como <span style=\"color: #999999;\"><strong>Fot\u00f3grafo en Burdeos<\/strong><\/span>\u00a0se centra en producir im\u00e1genes atractivas y sugerentes para su uso en web, redes sociales, anuncios, men\u00fas, libros de cocina, etc.<\/p>\n<p>Normalmente mi trabajo se suele hacer &#8216;in situ&#8217;, pero todo depende del tipo de servicio:<\/p>\n<p>En el caso de la <span style=\"color: #999999;\"><strong>Fotografia Culinaria<\/strong><\/span> yo me desplazar\u00e9 hasta el establecimiento del cliente o all\u00ed donde prepares los productos a fotografiar.<\/p>\n<p>Si se trata de un <span style=\"color: #999999;\"><strong>Shooting Food Delivery<\/strong><\/span>. Los platos deben estar preparados antes de la sesi\u00f3n fotogr\u00e1fica, debemos evitar la presentaci\u00f3n de los productos en embalajes de cart\u00f3n o pl\u00e1stico, ya que ser\u00e1 mucho m\u00e1s interesante realizar las fotos con los elementos que tienes habitualmente en tu local como vajillas, tablas de madera, pizarras, cristaler\u00edas, servilletas y cubiertos.<\/p>\n<p>Si se trata de un <span style=\"color: #999999;\"><strong>Shooting para Redes Sociales<\/strong><\/span>, no prepares los platos todav\u00eda! o al menos no todos, deja lo mejor para el final, as\u00ed tenemos la posibilidad de hacer fotos de acci\u00f3n en cocina y ver donde se produce la magia! \u00a0De esta manera me ayudas a captar mejor la esencia de tu restaurante y crearemos una historia singular, lo que nos permitir\u00e1 generar un v\u00ednculo emocional con el p\u00fablico objetivo y te diferenciar\u00e1 de la competencia. En todo caso siempre hay que prestar atenci\u00f3n a la apariencia de los platos. En principio siempre parto de la idea de dar toda mi confianza al chef y trabajar codo a codo con \u00e9l para que el plato se vea bien,\u00a0 pero tengo bastantes conocimientos y experiencia en <span style=\"color: #999999;\"><strong>Food Styling<\/strong><\/span> como para darte trucos y consejos para que tus platos se vean realmente incre\u00edbles!<\/p>\n<p>Para un <strong><span style=\"color: #999999;\">Shooting Real State<\/span>,<\/strong> me desplazar\u00e9 hasta la direcci\u00f3n del bien inmobiliario, hay que hacer especial hincapi\u00e9 en el orden y en dejar los espacios despejados. Todo detalle cuenta y aqu\u00ed entra en escena lo que se conoce como <span style=\"color: #999999;\"><strong>Home Staging<\/strong><\/span>, ordenar los elementos de decoraci\u00f3n, estirar las cortinas, sabanas y mantas, agrupar por colores los libros de una estanter\u00eda o esconder todos los cables de los aparatos el\u00e9ctricos pueden hacer una diferencia b\u00e1sica para que el cliente se decida por un lugar u otro. El cliente debe proyectarse mentalmente en ese espacio por lo que debemos a\u00f1adir elementos personales pero que solamente sugieran que alguien vive ah\u00ed. Las fotograf\u00edas se realizar\u00e1n en <span style=\"color: #999999;\"><strong>HDR<\/strong><\/span>, lo que quiere decir que haremos tres exposiciones diferentes para cada foto y luego se unir\u00e1n en postproducci\u00f3n dando como resultado una exposici\u00f3n correcta tanto en interior como a trav\u00e9s de las ventanas. Si existen elementos en particular que haya que acentuar y poner en valor debes dec\u00edrmelo para poder centrarme en ello o hacer fotos de detalle.<\/p>\n<p>Para todos los dem\u00e1s tipos de Shooting, como <strong><span style=\"color: #999999;\">Lifestyle<\/span><\/strong>, <strong><span style=\"color: #999999;\">Producto<\/span><\/strong> o <strong><span style=\"color: #999999;\">grabaci\u00f3n de Video<\/span><\/strong> <span style=\"color: #c48f56;\"><a style=\"color: #c48f56;\" href=\"https:\/\/carlosbuenophotography.com\/es\/contacto\/\"><strong>te invito a que me llames<\/strong><\/a><\/span> y me preguntes personalente,\u00a0 en funci\u00f3n de tus necesidades nos pondremos deacuerdo en todos los detalles.[\/vc_column_text]      <div class=\"heading-block heading-64f4e2480467a tal h-h6 with-line\">\n                  <h6 class=\"h\">\u00bfQu\u00e9 equipo fotogr\u00e1fico utilizas?<\/h6>\n              <\/div>\n    [vc_column_text]Actualmente trabajo con una <strong><span style=\"color: #999999;\">CANON EOS R<\/span> <\/strong>y multitud de lentes fijas y zoom para obtener fotograf\u00edas de m\u00e1xima calidad tanto en nitidez de detalles como en texturas. Tambi\u00e9n dispongo de varios flashes portables o Grandes Flashes de Studio y accesorios para crear los esquemas de iluminaci\u00f3n necesarios para dar vida a tus fotograf\u00edas.<\/p>\n<p>En video tambi\u00e9n dispongo de Estabilizador Gimbal , Luz continua y micros HF, todo lo necesario para dejar libre la creatividad.[\/vc_column_text]      <div class=\"heading-block heading-64f4e27a6ce1d tal h-h6 with-line\">\n                  <h6 class=\"h\">\u00bfC\u00f3mo recibir\u00e9 las fotograf\u00edas?<\/h6>\n              <\/div>\n    [vc_column_text]Si no hemos realizado una selecci\u00f3n de fotograf\u00edas anteriormente, te har\u00e9 llegar una <strong><span style=\"color: #999999;\">Hoja de Contactos<\/span><\/strong> con una primera preseleccion de fotos. Una vez que realices la selecci\u00f3n puedes realizar el pago y recibiras las fotograf\u00edas antes de que acabe el dia.<\/p>\n<p>Por ahora envio las fotograf\u00edas a trav\u00e9s de plataformas como <strong><span style=\"color: #999999;\">WeTransfer<\/span><\/strong> donde tienes <strong><span style=\"color: #999999;\">7 dias para descargar las fotos<\/span><\/strong>. Las fotos son enviadas en dos tama\u00f1os: para redes sociales y en formato original por si necesitas hacer impresiones.[\/vc_column_text]      <div class=\"heading-block heading-64f4e29c0dad4 tal h-h6 with-line\">\n                  <h6 class=\"h\">\u00bfCu\u00e1nto tiempo tardas en enviar las fotograf\u00edas?<\/h6>\n              <\/div>\n    [vc_column_text]El plazo de entrega de las fotograf\u00edas gastron\u00f3micas es de aproximadamente <strong><span style=\"color: #999999;\">24H despu\u00e9s de la sesi\u00f3n<\/span><\/strong>. Si por alg\u00fan motivo necesitas las fotos de forma urgente, es posible contratar el complemento de retoque de <strong><span style=\"color: #999999;\">&lt;24h que tiene un coste extra de 50\u20ac.<\/span><\/strong>[\/vc_column_text]      <div class=\"heading-block heading-64f4e2cd82115 tal h-h6 with-line\">\n                  <h6 class=\"h\">\u00bfCon cu\u00e1nto tiempo de antelaci\u00f3n tengo que reservar?<\/h6>\n              <\/div>\n    [vc_column_text]Es recomendable hacer la reserva con m\u00e1s de una semana de antelaci\u00f3n para que sea posible organizar el planning de tu sesi\u00f3n fotogr\u00e1fica. De esta manera te aseguras poder escoger el dia que deseas y no depender de cuando se libere alg\u00fan hueco en mi agenda.[\/vc_column_text]      <div class=\"heading-block heading-64f4e2f13764d tal h-h6 with-line\">\n                  <h6 class=\"h\">\u00bfCu\u00e1nto cuesta un servicio de fotograf\u00eda gastron\u00f3mica?<\/h6>\n              <\/div>\n    [vc_column_text]Para enviarte el presupuesto personalizado, necesito que me contestes <span style=\"color: #999999;\"><strong>3 preguntas<\/strong><\/span> en el\u00a0<strong><span style=\"color: #c48f56;\"><a style=\"color: #c48f56;\" href=\"https:\/\/carlosbuenophotography.com\/es\/contacto\/\">Formulario de Contacto<\/a><\/span><\/strong>\u00a0para comprender el objetivo de la sesi\u00f3n fotogr\u00e1fica:<\/p>\n<p>&nbsp;<\/p>\n<ol>\n<li><strong><span style=\"color: #999999;\"> \u00bfQu\u00e9 tipo de fotos necesitas?<\/span><\/strong><em> (platos, interiorismo o evento gastron\u00f3mico)<\/em><\/li>\n<li><em><strong>Si son fotos s\u00f3lo de platos,<\/strong><\/em><strong><span style=\"color: #999999;\"> \u00bfcu\u00e1ntos platos quieres que sean fotografiados?<\/span><\/strong><\/li>\n<li><strong><span style=\"color: #999999;\">\u00bfD\u00f3nde van a ir las fotos?<\/span> <\/strong><em>(web, redes sociales, cat\u00e1logo, libro, etc.)<\/em><\/li>\n<\/ol>\n<p>[\/vc_column_text]      <div class=\"heading-block heading-64f4e31fcf720 tal h-h6 with-line\">\n                  <h6 class=\"h\">\u00bfC\u00f3mo puedo realizar el pago de la sesi\u00f3n?<\/h6>\n              <\/div>\n    [vc_column_text]Para presupuestos por encima de <strong><span style=\"color: #999999;\">250\u20ac<\/span><\/strong> el <strong><span style=\"color: #999999;\">30% del valor total DEBE ser pagado en el momento de la reserva<\/span><\/strong>. El <strong><span style=\"color: #999999;\">Pago Completo<\/span><\/strong> se realiza en el momento de recibir todo el material fotogr\u00e1fico.[\/vc_column_text]      <div class=\"heading-block heading-64f4e342e920c tal h-h6 with-line\">\n                  <h6 class=\"h\">\u00bfTienes m\u00e1s preguntas?<\/h6>\n              <\/div>\n    [vc_column_text]Estar\u00e9 encantado de responderte a todas pero para ello no dudes en <a href=\"https:\/\/carlosbuenophotography.com\/es\/contacto\/\"><span style=\"color: #c48f56;\"><strong>ponerte en contacto conmigo<\/strong><\/span><\/a> por los medios que aparecen en la hoja de contacto. <strong><span style=\"color: #999999;\">Muchisimas Gracias.<\/span><\/strong>[\/vc_column_text][\/vc_column][\/vc_row]<\/p>\n<\/section>","protected":false},"excerpt":{"rendered":"<p>[vc_row][vc_column][vc_custom_heading text=&#8221;FAQ&#8221; use_theme_fonts=&#8221;yes&#8221; decor_line=&#8221;on&#8221;][vc_column_text]Mi trabajo como Fot\u00f3grafo en Burdeos\u00a0se centra en producir im\u00e1genes atractivas y sugerentes para su uso en web, redes sociales, anuncios, men\u00fas, libros de cocina, etc. Normalmente mi trabajo se suele hacer &#8216;in situ&#8217;, pero todo depende del tipo de servicio: En el caso de la Fotografia Culinaria yo me desplazar\u00e9 hasta [&hellip;]<\/p>\n","protected":false},"author":2,"featured_media":0,"parent":0,"menu_order":0,"comment_status":"closed","ping_status":"closed","template":"template-landing.php","meta":[],"acf":[],"_links":{"self":[{"href":"https:\/\/carlosbuenophotography.com\/es\/wp-json\/wp\/v2\/pages\/4525"}],"collection":[{"href":"https:\/\/carlosbuenophotography.com\/es\/wp-json\/wp\/v2\/pages"}],"about":[{"href":"https:\/\/carlosbuenophotography.com\/es\/wp-json\/wp\/v2\/types\/page"}],"author":[{"embeddable":true,"href":"https:\/\/carlosbuenophotography.com\/es\/wp-json\/wp\/v2\/users\/2"}],"replies":[{"embeddable":true,"href":"https:\/\/carlosbuenophotography.com\/es\/wp-json\/wp\/v2\/comments?post=4525"}],"version-history":[{"count":9,"href":"https:\/\/carlosbuenophotography.com\/es\/wp-json\/wp\/v2\/pages\/4525\/revisions"}],"predecessor-version":[{"id":4536,"href":"https:\/\/carlosbuenophotography.com\/es\/wp-json\/wp\/v2\/pages\/4525\/revisions\/4536"}],"wp:attachment":[{"href":"https:\/\/carlosbuenophotography.com\/es\/wp-json\/wp\/v2\/media?parent=4525"}],"curies":[{"name":"wp","href":"https:\/\/api.w.org\/{rel}","templated":true}]}}